{"id":451,"date":"2024-01-05T16:13:46","date_gmt":"2024-01-05T16:13:46","guid":{"rendered":"https:\/\/aulageometrias.webs.upv.es\/index.php\/home\/"},"modified":"2024-02-03T11:22:06","modified_gmt":"2024-02-03T11:22:06","slug":"inicio","status":"publish","type":"page","link":"https:\/\/aulageometrias.webs.upv.es\/","title":{"rendered":"Inicio"},"content":{"rendered":"<div id=\"pl-451\"  class=\"panel-layout\" ><div id=\"pg-451-0\"  class=\"panel-grid panel-has-style\" ><div class=\"siteorigin-panels-stretch panel-row-style panel-row-style-for-451-0\" data-stretch-type=\"full-width-stretch\" ><div id=\"pgc-451-0-0\"  class=\"panel-grid-cell\" ><div id=\"panel-451-0-0-0\" class=\"so-panel widget widget_sow-hero panel-first-child panel-last-child\" data-index=\"0\" ><div\n\t\t\t\n\t\t\tclass=\"so-widget-sow-hero so-widget-sow-hero-default-c1bf9abf43ac-451 so-widget-fittext-wrapper\"\n\t\t\t data-fit-text-compressor=\"0.85\"\n\t\t>\t\t\t\t<div class=\"sow-slider-base\" style=\"display: none\" tabindex=\"0\">\n\t\t\t\t\t<ul\n\t\t\t\t\tclass=\"sow-slider-images\"\n\t\t\t\t\tdata-settings=\"{&quot;pagination&quot;:true,&quot;speed&quot;:800,&quot;timeout&quot;:8000,&quot;paused&quot;:true,&quot;pause_on_hover&quot;:false,&quot;swipe&quot;:false,&quot;nav_always_show_desktop&quot;:&quot;&quot;,&quot;nav_always_show_mobile&quot;:&quot;&quot;,&quot;breakpoint&quot;:&quot;780px&quot;,&quot;unmute&quot;:false,&quot;anchor&quot;:null}\"\n\t\t\t\t\tstyle=\"min-height: 450px\"\t\t\t\t\tdata-anchor-id=\"\"\n\t\t\t\t>\t\t<li class=\"sow-slider-image\" style=\"visibility: visible;;background-color: rgba(66,66,66,0.87)\" >\n\t\t\t\t\t<div class=\"sow-slider-image-container\">\n\t\t\t<div class=\"sow-slider-image-wrapper\">\n\t\t\t\t<h2 style=\"text-align: center\"><span style=\"color: #f0f0f0;font-size:48px\"><strong>Bienvenidos al Aula de Empresa Geometr\u00edas Jur\u00eddicas<\/strong><\/span><\/h2>\t\t\t<\/div>\n\t\t<\/div>\n\t\t<video class=\"sow-background-element sow-mobile-video_enabled\" autoplay loop style=\"opacity: 0.4\" muted playsinline><source src=\"https:\/\/aulageometrias.webs.upv.es\/wp-content\/uploads\/2024\/01\/video_1080.mp4\" type=\"video\/mp4\"><\/video>\t\t<\/li>\n\t\t<\/ul>\t\t\t\t<ol class=\"sow-slider-pagination\">\n\t\t\t\t\t\t\t\t\t\t\t<li><a href=\"#\" data-goto=\"0\" aria-label=\"mostrar diapositiva 1\"><\/a><\/li>\n\t\t\t\t\t\t\t\t\t<\/ol>\n\n\t\t\t\t<div class=\"sow-slide-nav sow-slide-nav-next\">\n\t\t\t\t\t<a href=\"#\" data-goto=\"next\" aria-label=\"diapositiva siguiente\" data-action=\"next\">\n\t\t\t\t\t\t<em class=\"sow-sld-icon-thin-right\"><\/em>\n\t\t\t\t\t<\/a>\n\t\t\t\t<\/div>\n\n\t\t\t\t<div class=\"sow-slide-nav sow-slide-nav-prev\">\n\t\t\t\t\t<a href=\"#\" data-goto=\"previous\" aria-label=\"diapositiva anterior\" data-action=\"prev\">\n\t\t\t\t\t\t<em class=\"sow-sld-icon-thin-left\"><\/em>\n\t\t\t\t\t<\/a>\n\t\t\t\t<\/div>\n\t\t\t\t<\/div><\/div><\/div><\/div><\/div><\/div><div id=\"pg-451-1\"  class=\"panel-grid panel-has-style\" ><div class=\"so-rounded panel-row-style panel-row-style-for-451-1\" id=\"services\" ><div id=\"pgc-451-1-0\"  class=\"panel-grid-cell\" ><div id=\"panel-451-1-0-0\" class=\"so-panel widget widget_sow-editor panel-first-child panel-last-child\" data-index=\"1\" ><div\n\t\t\t\n\t\t\tclass=\"so-widget-sow-editor so-widget-sow-editor-base\"\n\t\t\t\n\t\t>\n<div class=\"siteorigin-widget-tinymce textwidget\">\n\t<p><span style=\"color: #333333; font-size: 16px;\">El Colegio de Registradores de la Propiedad y Mercantiles de Espa\u00f1a y la Asociaci\u00f3n Espa\u00f1ola de Ge\u00f3metras Expertos, tienen entre sus fines la delimitaci\u00f3n de la propiedad inmobiliaria y de otros derechos reales.<\/span><\/p>\n<p><span style=\"color: #333333; font-size: 16px;\">Las AULAS DE EMPRESA son la forma m\u00e1s adecuada de formalizar una colaboraci\u00f3n cualificada, amplia y duradera entre la UPV y las instituciones, para potenciar las relaciones de la UPV con el entorno socioecon\u00f3mico e incrementar, con la colaboraci\u00f3n de las empresas e instituciones, la oferta de actividades, en diferentes campos del conocimiento, para alumnos y profesores.<\/span><\/p>\n<\/div>\n<\/div><\/div><\/div><\/div><\/div><div id=\"pg-451-2\"  class=\"panel-grid panel-has-style\" ><div class=\"siteorigin-panels-stretch panel-row-style panel-row-style-for-451-2\" id=\"contact\" data-stretch-type=\"full\" ><div id=\"pgc-451-2-0\"  class=\"panel-grid-cell\" ><div id=\"panel-451-2-0-0\" class=\"so-panel widget widget_sow-contact-form panel-first-child panel-last-child\" data-index=\"2\" ><div class=\"panel-widget-style panel-widget-style-for-451-2-0-0\" ><div\n\t\t\t\n\t\t\tclass=\"so-widget-sow-contact-form so-widget-sow-contact-form-default-7484768fe539-451\"\n\t\t\t\n\t\t><h3 class=\"widget-title\"><h1>Contacta con nosotros en <b>aulageometrias@upv.es<\/b>:<\/h1><\/h3>\t<form\n\t\taction=\"\/index.php\/wp-json\/wp\/v2\/pages\/451\"\n\t\tmethod=\"POST\"\n\t\tclass=\"sow-contact-form\"\n\t\tid=\"contact-form-4a94\"\n\t>\n\n\t\t\n\t\t            <p><em><\/em><\/p>\n\t\t\t\t\t\t<div class=\"sow-form-field sow-form-field-name\">\n\t\t\t\t<label class=\"sow-form-field-label-above\" for=\"sow-contact-form-field-tu-nombre-1\">\n\t\t\t\t<strong>\n\t\t\t\t\tTu nombre:\t\t\t\t\t\t\t\t\t\t\t<span class=\"sow-form-field-required\">*<\/span>\n\t\t\t\t\t\t\t\t\t<\/strong>\n\t\t\t<\/label>\n\t\t\t\t\t\t\t<div class=\"sow-field-container\">\n\t\t\t\t\t\t\t<input\n\t\t\ttype=\"text\"\n\t\t\tname=\"tu-nombre-1\"\n\t\t\tid=\"sow-contact-form-field-tu-nombre-1\"\n\t\t\tvalue=\"\"\n\t\t\tclass=\"sow-text-field\"\n\t\t\t\t\t\t\t\t\/>\n\t\t\t\t\t\t<\/div>\n\t\t\t\t\t\t\t<\/div>\n\t\t\t\t\t\t<div class=\"sow-form-field sow-form-field-email\">\n\t\t\t\t<label class=\"sow-form-field-label-above\" for=\"sow-contact-form-field-tu-correo-1\">\n\t\t\t\t<strong>\n\t\t\t\t\tTu correo:\t\t\t\t\t\t\t\t\t\t\t<span class=\"sow-form-field-required\">*<\/span>\n\t\t\t\t\t\t\t\t\t<\/strong>\n\t\t\t<\/label>\n\t\t\t\t\t\t\t<div class=\"sow-field-container\">\n\t\t\t\t\t\t\t<input\n\t\t\ttype=\"email\"\n\t\t\tname=\"tu-correo-1\"\n\t\t\tid=\"sow-contact-form-field-tu-correo-1\"\n\t\t\tvalue=\"\"\n\t\t\tclass=\"sow-text-field\"\t\t\t\t\t\t\t\t\/>\n\t\t\t\t\t\t<\/div>\n\t\t\t\t\t\t\t<\/div>\n\t\t\t\t\t\t<div class=\"sow-form-field sow-form-field-subject\">\n\t\t\t\t<label class=\"sow-form-field-label-above\" for=\"sow-contact-form-field-asunto-1\">\n\t\t\t\t<strong>\n\t\t\t\t\tAsunto\t\t\t\t\t\t\t\t\t\t\t<span class=\"sow-form-field-required\">*<\/span>\n\t\t\t\t\t\t\t\t\t<\/strong>\n\t\t\t<\/label>\n\t\t\t\t\t\t\t<div class=\"sow-field-container\">\n\t\t\t\t\t\t\t<input\n\t\t\ttype=\"text\"\n\t\t\tname=\"asunto-1\"\n\t\t\tid=\"sow-contact-form-field-asunto-1\"\n\t\t\tvalue=\"\"\n\t\t\tclass=\"sow-text-field\"\n\t\t\t\t\t\t\t\t\/>\n\t\t\t\t\t\t<\/div>\n\t\t\t\t\t\t\t<\/div>\n\t\t\t\t\t\t<div class=\"sow-form-field sow-form-field-textarea\">\n\t\t\t\t<label class=\"sow-form-field-label-above\" for=\"sow-contact-form-field-mensaje-1\">\n\t\t\t\t<strong>\n\t\t\t\t\tMensaje:\t\t\t\t\t\t\t\t\t\t\t<span class=\"sow-form-field-required\">*<\/span>\n\t\t\t\t\t\t\t\t\t<\/strong>\n\t\t\t<\/label>\n\t\t\t\t\t\t\t<div class=\"sow-field-container\">\n\t\t\t\t\t\t\t<textarea\n\t\t\tname=\"mensaje-1\"\n\t\t\tid=\"sow-contact-form-field-mensaje-1\"\n\t\t\trows=\"10\"\n\t\t\t\t\t\t\t\t><\/textarea>\n\t\t\t\t\t\t<\/div>\n\t\t\t\t\t\t\t<\/div>\n\t\t\t\t\t\t<input\n\t\t\t\ttype=\"text\"\n\t\t\t\tname=\"sow-name\"\n\t\t\t\tclass=\"sow-text-field\"\n\t\t\t\tstyle=\"display: none !important; visibility: hidden !important;\"\n\t\t\t\tautocomplete=\"off\"\n\t\t\t\taria-hidden=\"true\"\n\t\t\t>\n\t\t\n\t\t\n\t\t<div class=\"sow-submit-wrapper \n\t\tsow-submit-styled\t\t\">\n\n\t\t\t<button\n\t\t\t\ttype=\"submit\"\n\t\t\t\tclass=\"sow-submit\n\t\t\t\t\t\t\t\t\"\n\t\t\t\tdata-js-key=\"c4ca4238a0b923820dcc509a6f75849b\" \t\t\t>\n\t\t\t\tENVIAR\t\t\t<\/button>\n\t\t<\/div>\n\t\t\t\t<input\n\t\t\ttype=\"hidden\"\n\t\t\tname=\"instance_hash-1\"\n\t\t\tvalue=\"4a945725\"\n\t\t\/>\n\n\t\t<input type=\"hidden\" id=\"_wpnonce\" name=\"_wpnonce\" value=\"fb0bc34e9f\" \/><input type=\"hidden\" name=\"_wp_http_referer\" value=\"\/index.php\/wp-json\/wp\/v2\/pages\/451\" \/>\t<\/form>\n\t<\/div><\/div><\/div><\/div><\/div><\/div><\/div>","protected":false},"excerpt":{"rendered":"<p>El Colegio de Registradores de la Propiedad y Mercantiles de Espa\u00f1a y la Asociaci\u00f3n Espa\u00f1ola de Ge\u00f3metras Expertos, tienen entre sus fines la delimitaci\u00f3n de la propiedad inmobiliaria y de otros derechos reales. Las AULAS DE EMPRESA son la forma m\u00e1s adecuada de formalizar una colaboraci\u00f3n cualificada, amplia y duradera entre la UPV y las [&hellip;]<\/p>\n","protected":false},"author":1,"featured_media":0,"parent":0,"menu_order":0,"comment_status":"closed","ping_status":"closed","template":"home-panels.php","meta":{"_themeisle_gutenberg_block_has_review":false,"footnotes":""},"class_list":["post-451","page","type-page","status-publish","hentry","post"],"yoast_head":"<!-- This site is optimized with the Yoast SEO plugin v27.3 - https:\/\/yoast.com\/product\/yoast-seo-wordpress\/ -->\n<title>Inicio - Aula de Empresa Geometr\u00edas Jur\u00eddicas<\/title>\n<meta name=\"description\" content=\"En el Aula de Empresa Geometr\u00edas Jur\u00eddicas descubrir\u00e1s la convergencia innovadora entre la ley y la geometr\u00eda. \u00a1Tu destino educativo para explorar la topolog\u00eda legal y la cartograf\u00eda jur\u00eddica!\" \/>\n<meta name=\"robots\" content=\"index, follow, max-snippet:-1, max-image-preview:large, max-video-preview:-1\" \/>\n<link rel=\"canonical\" href=\"https:\/\/aulageometrias.webs.upv.es\/\" \/>\n<meta property=\"og:locale\" content=\"es_ES\" \/>\n<meta property=\"og:type\" content=\"article\" \/>\n<meta property=\"og:title\" content=\"Inicio - Aula de Empresa Geometr\u00edas Jur\u00eddicas\" \/>\n<meta property=\"og:description\" content=\"En el Aula de Empresa Geometr\u00edas Jur\u00eddicas descubrir\u00e1s la convergencia innovadora entre la ley y la geometr\u00eda. \u00a1Tu destino educativo para explorar la topolog\u00eda legal y la cartograf\u00eda jur\u00eddica!\" \/>\n<meta property=\"og:url\" content=\"https:\/\/aulageometrias.webs.upv.es\/\" \/>\n<meta property=\"og:site_name\" content=\"Aula Geometr\u00edas Jur\u00eddicas\" \/>\n<meta property=\"article:publisher\" content=\"https:\/\/www.facebook.com\/MasterGeoJur\/\" \/>\n<meta property=\"article:modified_time\" content=\"2024-02-03T11:22:06+00:00\" \/>\n<meta name=\"twitter:card\" content=\"summary_large_image\" \/>\n<meta name=\"twitter:site\" content=\"@mastergej\" \/>\n<meta name=\"twitter:label1\" content=\"Tiempo de lectura\" \/>\n\t<meta name=\"twitter:data1\" content=\"1 minuto\" \/>\n<script type=\"application\/ld+json\" class=\"yoast-schema-graph\">{\"@context\":\"https:\\\/\\\/schema.org\",\"@graph\":[{\"@type\":\"WebPage\",\"@id\":\"https:\\\/\\\/aulageometrias.webs.upv.es\\\/\",\"url\":\"https:\\\/\\\/aulageometrias.webs.upv.es\\\/\",\"name\":\"Inicio - Aula de Empresa Geometr\u00edas Jur\u00eddicas\",\"isPartOf\":{\"@id\":\"https:\\\/\\\/aulageometrias.webs.upv.es\\\/#website\"},\"datePublished\":\"2024-01-05T16:13:46+00:00\",\"dateModified\":\"2024-02-03T11:22:06+00:00\",\"description\":\"En el Aula de Empresa Geometr\u00edas Jur\u00eddicas descubrir\u00e1s la convergencia innovadora entre la ley y la geometr\u00eda. \u00a1Tu destino educativo para explorar la topolog\u00eda legal y la cartograf\u00eda jur\u00eddica!\",\"breadcrumb\":{\"@id\":\"https:\\\/\\\/aulageometrias.webs.upv.es\\\/#breadcrumb\"},\"inLanguage\":\"es\",\"potentialAction\":[{\"@type\":\"ReadAction\",\"target\":[\"https:\\\/\\\/aulageometrias.webs.upv.es\\\/\"]}]},{\"@type\":\"BreadcrumbList\",\"@id\":\"https:\\\/\\\/aulageometrias.webs.upv.es\\\/#breadcrumb\",\"itemListElement\":[{\"@type\":\"ListItem\",\"position\":1,\"name\":\"Aula de Empresa GJ\",\"item\":\"https:\\\/\\\/aulageometrias.webs.upv.es\\\/\"},{\"@type\":\"ListItem\",\"position\":2,\"name\":\"Inicio\"}]},{\"@type\":\"WebSite\",\"@id\":\"https:\\\/\\\/aulageometrias.webs.upv.es\\\/#website\",\"url\":\"https:\\\/\\\/aulageometrias.webs.upv.es\\\/\",\"name\":\"Aula de Empresa Geometr\u00edas Jur\u00eddicas\",\"description\":\"Aula Geometr\u00edas Jur\u00eddicas\",\"publisher\":{\"@id\":\"https:\\\/\\\/aulageometrias.webs.upv.es\\\/#organization\"},\"potentialAction\":[{\"@type\":\"SearchAction\",\"target\":{\"@type\":\"EntryPoint\",\"urlTemplate\":\"https:\\\/\\\/aulageometrias.webs.upv.es\\\/?s={search_term_string}\"},\"query-input\":{\"@type\":\"PropertyValueSpecification\",\"valueRequired\":true,\"valueName\":\"search_term_string\"}}],\"inLanguage\":\"es\"},{\"@type\":\"Organization\",\"@id\":\"https:\\\/\\\/aulageometrias.webs.upv.es\\\/#organization\",\"name\":\"Aula de Empresa Geometr\u00edas Jur\u00eddicas\",\"url\":\"https:\\\/\\\/aulageometrias.webs.upv.es\\\/\",\"logo\":{\"@type\":\"ImageObject\",\"inLanguage\":\"es\",\"@id\":\"https:\\\/\\\/aulageometrias.webs.upv.es\\\/#\\\/schema\\\/logo\\\/image\\\/\",\"url\":\"https:\\\/\\\/aulageometrias.webs.upv.es\\\/wp-content\\\/uploads\\\/2024\\\/01\\\/Personas-e1706611393856.png\",\"contentUrl\":\"https:\\\/\\\/aulageometrias.webs.upv.es\\\/wp-content\\\/uploads\\\/2024\\\/01\\\/Personas-e1706611393856.png\",\"width\":200,\"height\":90,\"caption\":\"Aula de Empresa Geometr\u00edas Jur\u00eddicas\"},\"image\":{\"@id\":\"https:\\\/\\\/aulageometrias.webs.upv.es\\\/#\\\/schema\\\/logo\\\/image\\\/\"},\"sameAs\":[\"https:\\\/\\\/www.facebook.com\\\/MasterGeoJur\\\/\",\"https:\\\/\\\/x.com\\\/mastergej\",\"https:\\\/\\\/www.instagram.com\\\/p\\\/C0ep8XGoVdE\\\/?igsh=MW94bTB5eWRsdHc1Nw==\",\"https:\\\/\\\/www.linkedin.com\\\/company\\\/aula-de-geometr\u00edas-jur\u00eddicas\\\/\"]}]}<\/script>\n<!-- \/ Yoast SEO plugin. -->","yoast_head_json":{"title":"Inicio - Aula de Empresa Geometr\u00edas Jur\u00eddicas","description":"En el Aula de Empresa Geometr\u00edas Jur\u00eddicas descubrir\u00e1s la convergencia innovadora entre la ley y la geometr\u00eda. \u00a1Tu destino educativo para explorar la topolog\u00eda legal y la cartograf\u00eda jur\u00eddica!","robots":{"index":"index","follow":"follow","max-snippet":"max-snippet:-1","max-image-preview":"max-image-preview:large","max-video-preview":"max-video-preview:-1"},"canonical":"https:\/\/aulageometrias.webs.upv.es\/","og_locale":"es_ES","og_type":"article","og_title":"Inicio - Aula de Empresa Geometr\u00edas Jur\u00eddicas","og_description":"En el Aula de Empresa Geometr\u00edas Jur\u00eddicas descubrir\u00e1s la convergencia innovadora entre la ley y la geometr\u00eda. \u00a1Tu destino educativo para explorar la topolog\u00eda legal y la cartograf\u00eda jur\u00eddica!","og_url":"https:\/\/aulageometrias.webs.upv.es\/","og_site_name":"Aula Geometr\u00edas Jur\u00eddicas","article_publisher":"https:\/\/www.facebook.com\/MasterGeoJur\/","article_modified_time":"2024-02-03T11:22:06+00:00","twitter_card":"summary_large_image","twitter_site":"@mastergej","twitter_misc":{"Tiempo de lectura":"1 minuto"},"schema":{"@context":"https:\/\/schema.org","@graph":[{"@type":"WebPage","@id":"https:\/\/aulageometrias.webs.upv.es\/","url":"https:\/\/aulageometrias.webs.upv.es\/","name":"Inicio - Aula de Empresa Geometr\u00edas Jur\u00eddicas","isPartOf":{"@id":"https:\/\/aulageometrias.webs.upv.es\/#website"},"datePublished":"2024-01-05T16:13:46+00:00","dateModified":"2024-02-03T11:22:06+00:00","description":"En el Aula de Empresa Geometr\u00edas Jur\u00eddicas descubrir\u00e1s la convergencia innovadora entre la ley y la geometr\u00eda. \u00a1Tu destino educativo para explorar la topolog\u00eda legal y la cartograf\u00eda jur\u00eddica!","breadcrumb":{"@id":"https:\/\/aulageometrias.webs.upv.es\/#breadcrumb"},"inLanguage":"es","potentialAction":[{"@type":"ReadAction","target":["https:\/\/aulageometrias.webs.upv.es\/"]}]},{"@type":"BreadcrumbList","@id":"https:\/\/aulageometrias.webs.upv.es\/#breadcrumb","itemListElement":[{"@type":"ListItem","position":1,"name":"Aula de Empresa GJ","item":"https:\/\/aulageometrias.webs.upv.es\/"},{"@type":"ListItem","position":2,"name":"Inicio"}]},{"@type":"WebSite","@id":"https:\/\/aulageometrias.webs.upv.es\/#website","url":"https:\/\/aulageometrias.webs.upv.es\/","name":"Aula de Empresa Geometr\u00edas Jur\u00eddicas","description":"Aula Geometr\u00edas Jur\u00eddicas","publisher":{"@id":"https:\/\/aulageometrias.webs.upv.es\/#organization"},"potentialAction":[{"@type":"SearchAction","target":{"@type":"EntryPoint","urlTemplate":"https:\/\/aulageometrias.webs.upv.es\/?s={search_term_string}"},"query-input":{"@type":"PropertyValueSpecification","valueRequired":true,"valueName":"search_term_string"}}],"inLanguage":"es"},{"@type":"Organization","@id":"https:\/\/aulageometrias.webs.upv.es\/#organization","name":"Aula de Empresa Geometr\u00edas Jur\u00eddicas","url":"https:\/\/aulageometrias.webs.upv.es\/","logo":{"@type":"ImageObject","inLanguage":"es","@id":"https:\/\/aulageometrias.webs.upv.es\/#\/schema\/logo\/image\/","url":"https:\/\/aulageometrias.webs.upv.es\/wp-content\/uploads\/2024\/01\/Personas-e1706611393856.png","contentUrl":"https:\/\/aulageometrias.webs.upv.es\/wp-content\/uploads\/2024\/01\/Personas-e1706611393856.png","width":200,"height":90,"caption":"Aula de Empresa Geometr\u00edas Jur\u00eddicas"},"image":{"@id":"https:\/\/aulageometrias.webs.upv.es\/#\/schema\/logo\/image\/"},"sameAs":["https:\/\/www.facebook.com\/MasterGeoJur\/","https:\/\/x.com\/mastergej","https:\/\/www.instagram.com\/p\/C0ep8XGoVdE\/?igsh=MW94bTB5eWRsdHc1Nw==","https:\/\/www.linkedin.com\/company\/aula-de-geometr\u00edas-jur\u00eddicas\/"]}]}},"_links":{"self":[{"href":"https:\/\/aulageometrias.webs.upv.es\/index.php\/wp-json\/wp\/v2\/pages\/451","targetHints":{"allow":["GET"]}}],"collection":[{"href":"https:\/\/aulageometrias.webs.upv.es\/index.php\/wp-json\/wp\/v2\/pages"}],"about":[{"href":"https:\/\/aulageometrias.webs.upv.es\/index.php\/wp-json\/wp\/v2\/types\/page"}],"author":[{"embeddable":true,"href":"https:\/\/aulageometrias.webs.upv.es\/index.php\/wp-json\/wp\/v2\/users\/1"}],"replies":[{"embeddable":true,"href":"https:\/\/aulageometrias.webs.upv.es\/index.php\/wp-json\/wp\/v2\/comments?post=451"}],"version-history":[{"count":58,"href":"https:\/\/aulageometrias.webs.upv.es\/index.php\/wp-json\/wp\/v2\/pages\/451\/revisions"}],"predecessor-version":[{"id":839,"href":"https:\/\/aulageometrias.webs.upv.es\/index.php\/wp-json\/wp\/v2\/pages\/451\/revisions\/839"}],"wp:attachment":[{"href":"https:\/\/aulageometrias.webs.upv.es\/index.php\/wp-json\/wp\/v2\/media?parent=451"}],"curies":[{"name":"wp","href":"https:\/\/api.w.org\/{rel}","templated":true}]}}