{"id":485,"date":"2024-01-05T16:30:52","date_gmt":"2024-01-05T16:30:52","guid":{"rendered":"https:\/\/aulageometrias.webs.upv.es\/?page_id=485"},"modified":"2024-03-09T11:09:35","modified_gmt":"2024-03-09T11:09:35","slug":"miembros","status":"publish","type":"page","link":"https:\/\/aulageometrias.webs.upv.es\/index.php\/miembros\/","title":{"rendered":"Miembros"},"content":{"rendered":"<div id=\"pl-485\"  class=\"panel-layout\" ><div id=\"pg-485-0\"  class=\"panel-grid panel-has-style\" ><div class=\"panel-row-style panel-row-style-for-485-0\" ><div id=\"pgc-485-0-0\"  class=\"panel-grid-cell\" ><div id=\"panel-485-0-0-0\" class=\"so-panel widget widget_sow-headline panel-first-child\" data-index=\"0\" ><div\n\t\t\t\n\t\t\tclass=\"so-widget-sow-headline so-widget-sow-headline-default-80608374b6c8-485 so-widget-fittext-wrapper\"\n\t\t\t data-fit-text-compressor=\"0.85\"\n\t\t><div class=\"sow-headline-container \">\n\t\t\t\t\t\t\t<h1 class=\"sow-headline\">\n\t\t\t\t\t\tComisi\u00f3n de seguimiento\t\t\t\t\t\t<\/h1>\n\t\t\t\t\t\t<\/div>\n<\/div><\/div><div id=\"panel-485-0-0-1\" class=\"so-panel widget widget_sow-features panel-last-child\" data-index=\"1\" ><div\n\t\t\t\n\t\t\tclass=\"so-widget-sow-features so-widget-sow-features-default-6854571ccd14-485\"\n\t\t\t\n\t\t><ul\n\tclass=\"sow-features-list\n\tsow-features-responsive\">\n\n\t\t\t<li\n\t\t\tclass=\"sow-features-feature sow-icon-container-position-top\"\n\t\t\tstyle=\"display: flex; flex-direction: column; width: calc(50% - 35px);\"\n\t\t>\n\t\t\t\n\t\t\t\t\t\t<div\t\t\t\tclass=\"sow-icon-container sow-container-none\"\n\t\t\t\tstyle=\"color: ; \"\n\t\t\t\ttitle=\"Mar\u00eda Dolores Salvador Moya. Vicerrectora de Empleo y Formaci\u00f3n Permanente de la UPV.\"\n\t\t\t\t\t\t\t>\n\t\t\t\t\t\t\t\t\t\t<div class=\"sow-icon-image\" style=\"background-image: url(https:\/\/aulageometrias.webs.upv.es\/wp-content\/uploads\/2024\/01\/Maria-Dolores.png); font-size: 206px\"><\/div>\n\t\t\t\t\t\t\t\t\t<\/div>\n\n\t\t\t<div class=\"textwidget\">\n\t\t\t\t\n\t\t\t\t\t\t\t\t\t<h5 class=\"sow-features-feature-title\">\n\t\t\t\t\t\tMar\u00eda Dolores Salvador Moya. Vicerrectora de Empleo y Formaci\u00f3n Permanente de la UPV.\t\t\t\t\t<\/h5>\n\t\t\t\t\n\t\t\t\t\t\t\t\t\t<div class=\"sow-features-feature-text\">\n\t\t\t\t\t<a target=\"_blank\" class=\"fcc-btn\" href=\"https:\/\/www.upv.es\/pls\/oalu\/sic_per.info_persona?PE=K5MRNhA8C7ivVqnxRFMw6bNFgcrc6X4I4l9WeiERXOhF5qfM5p60C3aFOtRc0p0zyTVvWM5JiK9iIFXYuCy2T%2B9U9o%2FO68jBs0WBytzpfgjhyt%2FFoiUIfQ%3D%3D&amp;P_TIPOBUS=0&amp;P_VISTA=&amp;P_IDIOMA=c\">UPV<\/a>\t\t\t\t\t<\/div>\n\t\t\t\t\t\t\t\t<\/div>\n\t\t\t\t\t\t\t\t<\/li>\n\n\t\t\t<li\n\t\t\tclass=\"sow-features-feature sow-icon-container-position-top\"\n\t\t\tstyle=\"display: flex; flex-direction: column; width: calc(50% - 35px);\"\n\t\t>\n\t\t\t\n\t\t\t\t\t\t<div\t\t\t\tclass=\"sow-icon-container sow-container-none\"\n\t\t\t\tstyle=\"color: ; \"\n\t\t\t\ttitle=\"Natalia Garrido Vill\u00e9n. Directora del Aula de Empresa.\"\n\t\t\t\t\t\t\t>\n\t\t\t\t\t\t\t\t\t\t<div class=\"sow-icon-image\" style=\"background-image: url(https:\/\/aulageometrias.webs.upv.es\/wp-content\/uploads\/2024\/01\/Natalia-Garrido.png); font-size: 206px\"><\/div>\n\t\t\t\t\t\t\t\t\t<\/div>\n\n\t\t\t<div class=\"textwidget\">\n\t\t\t\t\n\t\t\t\t\t\t\t\t\t<h5 class=\"sow-features-feature-title\">\n\t\t\t\t\t\tNatalia Garrido Vill\u00e9n. Directora del Aula de Empresa.\t\t\t\t\t<\/h5>\n\t\t\t\t\n\t\t\t\t\t\t\t\t\t<div class=\"sow-features-feature-text\">\n\t\t\t\t\t<a class=\"fcc-btn\" href=\"https:\/\/www.linkedin.com\/in\/natalia-garrido-vill\u00e9n\/\" target=\"_blank\" rel=\"noopener\">LinkedIn <i class=\"fa fa-linkedin-square\" style=\"font-size: 20px\"><\/i><\/a>\t\t\t\t\t<\/div>\n\t\t\t\t\t\t\t\t<\/div>\n\t\t\t\t\t\t\t\t<\/li>\n\n\t\t\t<li\n\t\t\tclass=\"sow-features-feature sow-icon-container-position-top\"\n\t\t\tstyle=\"display: flex; flex-direction: column; width: calc(50% - 35px);\"\n\t\t>\n\t\t\t\n\t\t\t\t\t\t<div\t\t\t\tclass=\"sow-icon-container sow-container-none\"\n\t\t\t\tstyle=\"color: #efefef; \"\n\t\t\t\ttitle=\"Luis Benavides Parra.\"\n\t\t\t\t\t\t\t>\n\t\t\t\t\t\t\t\t\t\t<div class=\"sow-icon-image\" style=\"background-image: url(https:\/\/aulageometrias.webs.upv.es\/wp-content\/uploads\/2024\/01\/Luis-Benavides.png); font-size: 206px\"><\/div>\n\t\t\t\t\t\t\t\t\t<\/div>\n\n\t\t\t<div class=\"textwidget\">\n\t\t\t\t\n\t\t\t\t\t\t\t\t\t<h5 class=\"sow-features-feature-title\">\n\t\t\t\t\t\tLuis Benavides Parra. Representante de la Fundaci\u00f3n Registral.\t\t\t\t\t<\/h5>\n\t\t\t\t\n\t\t\t\t\t\t\t\t\t<div class=\"sow-features-feature-text\">\n\t\t\t\t\t\n<a target=\"_blank\" class=\"fcc-btn\" href=\"https:\/\/www.linkedin.com\/in\/luis-manuel-benavides-parra-28606344\/\">LinkedIn <i class=\"fa fa-linkedin-square\" style=\"font-size:20px\"><\/i><\/a>\t\t\t\t\t<\/div>\n\t\t\t\t\t\t\t\t<\/div>\n\t\t\t\t\t\t\t\t<\/li>\n\n\t\t\t<li\n\t\t\tclass=\"sow-features-feature sow-icon-container-position-top\"\n\t\t\tstyle=\"display: flex; flex-direction: column; width: calc(50% - 35px);\"\n\t\t>\n\t\t\t\n\t\t\t\t\t\t<div\t\t\t\tclass=\"sow-icon-container sow-container-none\"\n\t\t\t\tstyle=\"color: #efefef; \"\n\t\t\t\ttitle=\"Pedro Jes\u00fas Ortiz Toro. Representante de la Asociaci\u00f3n Espa\u00f1ola de Ge\u00f3metras Expertos.\"\n\t\t\t\t\t\t\t>\n\t\t\t\t\t\t\t\t\t\t<div class=\"sow-icon-image\" style=\"background-image: url(https:\/\/aulageometrias.webs.upv.es\/wp-content\/uploads\/2024\/01\/Pedro-Jesus.png); font-size: 206px\"><\/div>\n\t\t\t\t\t\t\t\t\t<\/div>\n\n\t\t\t<div class=\"textwidget\">\n\t\t\t\t\n\t\t\t\t\t\t\t\t\t<h5 class=\"sow-features-feature-title\">\n\t\t\t\t\t\tPedro Jes\u00fas Ortiz Toro. Representante de la Asociaci\u00f3n Espa\u00f1ola de Ge\u00f3metras Expertos.\t\t\t\t\t<\/h5>\n\t\t\t\t\n\t\t\t\t\t\t\t\t\t<div class=\"sow-features-feature-text\">\n\t\t\t\t\t\n<a target=\"_blank\" class=\"fcc-btn\" href=\"https:\/\/www.linkedin.com\/in\/pjortizt\/\">LinkedIn <i class=\"fa fa-linkedin-square\" style=\"font-size:20px\"><\/i><\/a>\t\t\t\t\t<\/div>\n\t\t\t\t\t\t\t\t<\/div>\n\t\t\t\t\t\t\t\t<\/li>\n\n\t<\/ul>\n<\/div><\/div><\/div><\/div><\/div><div id=\"pg-485-1\"  class=\"panel-grid panel-has-style\" ><div class=\"siteorigin-panels-stretch panel-row-style panel-row-style-for-485-1\" data-stretch-type=\"full\" ><div id=\"pgc-485-1-0\"  class=\"panel-grid-cell\" ><div id=\"panel-485-1-0-0\" class=\"so-panel widget widget_sow-headline panel-first-child\" data-index=\"2\" ><div\n\t\t\t\n\t\t\tclass=\"so-widget-sow-headline so-widget-sow-headline-default-a20b541dc420-485 so-widget-fittext-wrapper\"\n\t\t\t data-fit-text-compressor=\"0.85\"\n\t\t><div class=\"sow-headline-container \">\n\t\t\t\t\t\t\t<h1 class=\"sow-headline\">\n\t\t\t\t\t\tColaboradores\t\t\t\t\t\t<\/h1>\n\t\t\t\t\t\t<\/div>\n<\/div><\/div><div id=\"panel-485-1-0-1\" class=\"so-panel widget widget_sow-features panel-last-child\" data-index=\"3\" ><div\n\t\t\t\n\t\t\tclass=\"so-widget-sow-features so-widget-sow-features-default-fdf506090772-485\"\n\t\t\t\n\t\t><ul\n\tclass=\"sow-features-list\n\tsow-features-responsive\">\n\n\t\t\t<li\n\t\t\tclass=\"sow-features-feature sow-icon-container-position-top\"\n\t\t\tstyle=\"display: flex; flex-direction: column; width: calc(50% - 35px);\"\n\t\t>\n\t\t\t\n\t\t\t\t\t\t<div\t\t\t\tclass=\"sow-icon-container sow-container-none\"\n\t\t\t\tstyle=\"color: ; \"\n\t\t\t\ttitle=\"Alberto Ant\u00f3n Merino.\"\n\t\t\t\t\t\t\t>\n\t\t\t\t\t\t\t\t\t\t<div class=\"sow-icon-image\" style=\"background-image: url(https:\/\/aulageometrias.webs.upv.es\/wp-content\/uploads\/2024\/01\/Alberto-Anton.png); font-size: 206px\"><\/div>\n\t\t\t\t\t\t\t\t\t<\/div>\n\n\t\t\t<div class=\"textwidget\">\n\t\t\t\t\n\t\t\t\t\t\t\t\t\t<h5 class=\"sow-features-feature-title\">\n\t\t\t\t\t\tAEGEX: Alberto Ant\u00f3n Merino. Presidente de la Asociaci\u00f3n Espa\u00f1ola de Ge\u00f3metras Expertos.\t\t\t\t\t<\/h5>\n\t\t\t\t\n\t\t\t\t\t\t\t\t\t<div class=\"sow-features-feature-text\">\n\t\t\t\t\t\n<a target=\"_blank\" class=\"fcc-btn\" href=\"https:\/\/www.linkedin.com\/in\/alberto-ant\u00f3n-merino-08065a30\/?originalSubdomain=es\">LinkedIn <i class=\"fa fa-linkedin-square\" style=\"font-size:20px\"><\/i><\/a>\t\t\t\t\t<\/div>\n\t\t\t\t\t\t\t\t<\/div>\n\t\t\t\t\t\t\t\t<\/li>\n\n\t\t\t<li\n\t\t\tclass=\"sow-features-feature sow-icon-container-position-top\"\n\t\t\tstyle=\"display: flex; flex-direction: column; width: calc(50% - 35px);\"\n\t\t>\n\t\t\t\n\t\t\t\t\t\t<div\t\t\t\tclass=\"sow-icon-container sow-container-none\"\n\t\t\t\tstyle=\"color: #404040; \"\n\t\t\t\ttitle=\"AEGEX: Antonio Blanco S\u00e1nchez. Secretario-Tesorero de la Asociaci\u00f3n Espa\u00f1ola de Ge\u00f3metras Expertos.\"\n\t\t\t\t\t\t\t>\n\t\t\t\t\t\t\t\t\t\t<div class=\"sow-icon-image\" style=\"background-image: url(https:\/\/aulageometrias.webs.upv.es\/wp-content\/uploads\/2024\/01\/Logo-GJ-1.png); font-size: 206px\"><\/div>\n\t\t\t\t\t\t\t\t\t<\/div>\n\n\t\t\t<div class=\"textwidget\">\n\t\t\t\t\n\t\t\t\t\t\t\t\t\t<h5 class=\"sow-features-feature-title\">\n\t\t\t\t\t\tAEGEX: Antonio Blanco S\u00e1nchez. Secretario-Tesorero de la Asociaci\u00f3n Espa\u00f1ola de Ge\u00f3metras Expertos.\t\t\t\t\t<\/h5>\n\t\t\t\t\n\t\t\t\t\t\t\t\t\t<div class=\"sow-features-feature-text\">\n\t\t\t\t\t\n<a target=\"_blank\" class=\"fcc-btn\" href=\"https:\/\/www.linkedin.com\/in\/antonio-blanco-s\u00e1nchez-37b74049\/?originalSubdomain=es\">LinkedIn <i class=\"fa fa-linkedin-square\" style=\"font-size:20px\"><\/i><\/a>\t\t\t\t\t<\/div>\n\t\t\t\t\t\t\t\t<\/div>\n\t\t\t\t\t\t\t\t<\/li>\n\n\t\t\t<li\n\t\t\tclass=\"sow-features-feature sow-icon-container-position-top\"\n\t\t\tstyle=\"display: flex; flex-direction: column; width: calc(50% - 35px);\"\n\t\t>\n\t\t\t\n\t\t\t\t\t\t<div\t\t\t\tclass=\"sow-icon-container sow-container-none\"\n\t\t\t\tstyle=\"color: #404040; \"\n\t\t\t\ttitle=\"Fernando Garc\u00eda Granada. Subdirector de infraestructuras de la\u00a0ETSIGCT. Tutor UPV.\"\n\t\t\t\t\t\t\t>\n\t\t\t\t\t\t\t\t\t\t<div class=\"sow-icon-image\" style=\"background-image: url(https:\/\/aulageometrias.webs.upv.es\/wp-content\/uploads\/2024\/02\/Logo-GJ-2.png); font-size: 206px\"><\/div>\n\t\t\t\t\t\t\t\t\t<\/div>\n\n\t\t\t<div class=\"textwidget\">\n\t\t\t\t\n\t\t\t\t\t\t\t\t\t<h5 class=\"sow-features-feature-title\">\n\t\t\t\t\t\tFernando Garc\u00eda Granada. Subdirector de infraestructuras de la\u00a0ETSIGCT. Tutor UPV.\t\t\t\t\t<\/h5>\n\t\t\t\t\n\t\t\t\t\t\t\t\t\t<div class=\"sow-features-feature-text\">\n\t\t\t\t\t\n<a target=\"_blank\" class=\"fcc-btn\" href=\"https:\/\/www.linkedin.com\/in\/fernando-garc\u00eda-granada-5853b5233\/?originalSubdomain=es\">LinkedIn <i class=\"fa fa-linkedin-square\" style=\"font-size:20px\"><\/i><\/a>\t\t\t\t\t<\/div>\n\t\t\t\t\t\t\t\t<\/div>\n\t\t\t\t\t\t\t\t<\/li>\n\n\t\t\t<li\n\t\t\tclass=\"sow-features-feature sow-icon-container-position-top\"\n\t\t\tstyle=\"display: flex; flex-direction: column; width: calc(50% - 35px);\"\n\t\t>\n\t\t\t\n\t\t\t\t\t\t<div\t\t\t\tclass=\"sow-icon-container sow-container-none\"\n\t\t\t\tstyle=\"color: #404040; \"\n\t\t\t\ttitle=\"\u00c1ngel Marqu\u00e9s Mateu. Director de la ETSIGCT.\u00a0Tutor\u00a0UPV.\"\n\t\t\t\t\t\t\t>\n\t\t\t\t\t\t\t\t\t\t<div class=\"sow-icon-image\" style=\"background-image: url(https:\/\/aulageometrias.webs.upv.es\/wp-content\/uploads\/2024\/01\/Angel-Marques.png); font-size: 206px\"><\/div>\n\t\t\t\t\t\t\t\t\t<\/div>\n\n\t\t\t<div class=\"textwidget\">\n\t\t\t\t\n\t\t\t\t\t\t\t\t\t<h5 class=\"sow-features-feature-title\">\n\t\t\t\t\t\t\u00c1ngel Marqu\u00e9s Mateu. Director de la ETSIGCT.\u00a0Tutor\u00a0UPV.\t\t\t\t\t<\/h5>\n\t\t\t\t\n\t\t\t\t\t\t\t\t\t<div class=\"sow-features-feature-text\">\n\t\t\t\t\t\n<a target=\"_blank\" class=\"fcc-btn\" href=\"https:\/\/www.linkedin.com\/in\/angel-marqu\u00e9s-mateu-7b910b36\">LinkedIn <i class=\"fa fa-linkedin-square\" style=\"font-size:20px\"><\/i><\/a>\t\t\t\t\t<\/div>\n\t\t\t\t\t\t\t\t<\/div>\n\t\t\t\t\t\t\t\t<\/li>\n\n\t\t\t<li\n\t\t\tclass=\"sow-features-feature sow-icon-container-position-top\"\n\t\t\tstyle=\"display: flex; flex-direction: column; width: calc(50% - 35px);\"\n\t\t>\n\t\t\t\n\t\t\t\t\t\t<div\t\t\t\tclass=\"sow-icon-container sow-container-none\"\n\t\t\t\tstyle=\"color: #404040; \"\n\t\t\t\ttitle=\"Ana Jos\u00e9 Villaescusa L\u00f3pez. Responsable de comunicaci\u00f3n.\"\n\t\t\t\t\t\t\t>\n\t\t\t\t\t\t\t\t\t\t<div class=\"sow-icon-image\" style=\"background-image: url(https:\/\/aulageometrias.webs.upv.es\/wp-content\/uploads\/2024\/01\/Ana-Villaescusa.png); font-size: 206px\"><\/div>\n\t\t\t\t\t\t\t\t\t<\/div>\n\n\t\t\t<div class=\"textwidget\">\n\t\t\t\t\n\t\t\t\t\t\t\t\t\t<h5 class=\"sow-features-feature-title\">\n\t\t\t\t\t\tAna Jos\u00e9 Villaescusa L\u00f3pez. Responsable de comunicaci\u00f3n.\t\t\t\t\t<\/h5>\n\t\t\t\t\n\t\t\t\t\t\t\t<\/div>\n\t\t\t\t\t\t\t\t<\/li>\n\n\t\t\t<li\n\t\t\tclass=\"sow-features-feature sow-icon-container-position-top\"\n\t\t\tstyle=\"display: flex; flex-direction: column; width: calc(50% - 35px);\"\n\t\t>\n\t\t\t\n\t\t\t\t\t\t<div\t\t\t\tclass=\"sow-icon-container sow-container-none\"\n\t\t\t\tstyle=\"color: #404040; \"\n\t\t\t\ttitle=\"Ignacio D\u00edaz Clemente. Alumno en pr\u00e1cticas, estudiando la litigiosidad en materia\u00a0de\u00a0lindes.\"\n\t\t\t\t\t\t\t>\n\t\t\t\t\t\t\t\t\t\t<div class=\"sow-icon-image\" style=\"background-image: url(https:\/\/aulageometrias.webs.upv.es\/wp-content\/uploads\/2024\/01\/Ignacio-Diaz.png); font-size: 206px\"><\/div>\n\t\t\t\t\t\t\t\t\t<\/div>\n\n\t\t\t<div class=\"textwidget\">\n\t\t\t\t\n\t\t\t\t\t\t\t\t\t<h5 class=\"sow-features-feature-title\">\n\t\t\t\t\t\tIgnacio D\u00edaz Clemente. Alumno en pr\u00e1cticas, estudiando la litigiosidad en materia\u00a0de\u00a0lindes.\t\t\t\t\t<\/h5>\n\t\t\t\t\n\t\t\t\t\t\t\t<\/div>\n\t\t\t\t\t\t\t\t<\/li>\n\n\t\t\t<li\n\t\t\tclass=\"sow-features-feature sow-icon-container-position-top\"\n\t\t\tstyle=\"display: flex; flex-direction: column; width: calc(50% - 35px);\"\n\t\t>\n\t\t\t\n\t\t\t\t\t\t<div\t\t\t\tclass=\"sow-icon-container sow-container-none\"\n\t\t\t\tstyle=\"color: #404040; \"\n\t\t\t\ttitle=\"Samuel Alejandro Liendo Salcedo. Alumno en pr\u00e1cticas, estudiando la litigiosidad en materia\u00a0de\u00a0lindes.\"\n\t\t\t\t\t\t\t>\n\t\t\t\t\t\t\t\t\t\t<div class=\"sow-icon-image\" style=\"background-image: url(https:\/\/aulageometrias.webs.upv.es\/wp-content\/uploads\/2024\/01\/Logo-GJ.png); font-size: 206px\"><\/div>\n\t\t\t\t\t\t\t\t\t<\/div>\n\n\t\t\t<div class=\"textwidget\">\n\t\t\t\t\n\t\t\t\t\t\t\t\t\t<h5 class=\"sow-features-feature-title\">\n\t\t\t\t\t\tSamuel Alejandro Liendo Salcedo. Alumno en pr\u00e1cticas, estudiando la litigiosidad en materia\u00a0de\u00a0lindes.\t\t\t\t\t<\/h5>\n\t\t\t\t\n\t\t\t\t\t\t\t<\/div>\n\t\t\t\t\t\t\t\t<\/li>\n\n\t\t\t<li\n\t\t\tclass=\"sow-features-feature sow-icon-container-position-top\"\n\t\t\tstyle=\"display: flex; flex-direction: column; width: calc(50% - 35px);\"\n\t\t>\n\t\t\t\n\t\t\t\t\t\t<div\t\t\t\tclass=\"sow-icon-container sow-container-none\"\n\t\t\t\tstyle=\"color: #404040; \"\n\t\t\t\ttitle=\"Javier Pau Fern\u00e1ndez. An\u00e1lisis y desarrollo del visor del repositorio nacional de l\u00edmites\u00a0de\u00a0AEGEX.\"\n\t\t\t\t\t\t\t>\n\t\t\t\t\t\t\t\t\t\t<div class=\"sow-icon-image\" style=\"background-image: url(https:\/\/aulageometrias.webs.upv.es\/wp-content\/uploads\/2024\/03\/Logo-GJ-3.png); font-size: 206px\"><\/div>\n\t\t\t\t\t\t\t\t\t<\/div>\n\n\t\t\t<div class=\"textwidget\">\n\t\t\t\t\n\t\t\t\t\t\t\t\t\t<h5 class=\"sow-features-feature-title\">\n\t\t\t\t\t\tJavier Pau Fern\u00e1ndez. An\u00e1lisis y desarrollo del visor del repositorio nacional de l\u00edmites\u00a0de\u00a0AEGEX.\t\t\t\t\t<\/h5>\n\t\t\t\t\n\t\t\t\t\t\t\t<\/div>\n\t\t\t\t\t\t\t\t<\/li>\n\n\t<\/ul>\n<\/div><\/div><\/div><\/div><\/div><\/div>","protected":false},"excerpt":{"rendered":"<p>Comisi\u00f3n de seguimiento Mar\u00eda Dolores Salvador Moya. Vicerrectora de Empleo y Formaci\u00f3n Permanente de la UPV. UPV Natalia Garrido Vill\u00e9n. Directora del Aula de Empresa. LinkedIn Luis Benavides Parra. Representante de la Fundaci\u00f3n Registral. LinkedIn Pedro Jes\u00fas Ortiz Toro. Representante de la Asociaci\u00f3n Espa\u00f1ola de Ge\u00f3metras Expertos. LinkedIn Colaboradores AEGEX: Alberto Ant\u00f3n Merino. Presidente de [&hellip;]<\/p>\n","protected":false},"author":1,"featured_media":0,"parent":0,"menu_order":0,"comment_status":"closed","ping_status":"closed","template":"","meta":{"_themeisle_gutenberg_block_has_review":false,"footnotes":""},"class_list":["post-485","page","type-page","status-publish","hentry","post"],"yoast_head":"<!-- This site is optimized with the Yoast SEO plugin v27.3 - https:\/\/yoast.com\/product\/yoast-seo-wordpress\/ -->\n<title>Miembros - Aula Geometr\u00edas Jur\u00eddicas<\/title>\n<meta name=\"robots\" content=\"index, follow, max-snippet:-1, max-image-preview:large, max-video-preview:-1\" \/>\n<link rel=\"canonical\" href=\"https:\/\/aulageometrias.webs.upv.es\/index.php\/miembros\/\" \/>\n<meta property=\"og:locale\" content=\"es_ES\" \/>\n<meta property=\"og:type\" content=\"article\" \/>\n<meta property=\"og:title\" content=\"Miembros - Aula Geometr\u00edas Jur\u00eddicas\" \/>\n<meta property=\"og:description\" content=\"Comisi\u00f3n de seguimiento Mar\u00eda Dolores Salvador Moya. Vicerrectora de Empleo y Formaci\u00f3n Permanente de la UPV. UPV Natalia Garrido Vill\u00e9n. Directora del Aula de Empresa. LinkedIn Luis Benavides Parra. Representante de la Fundaci\u00f3n Registral. LinkedIn Pedro Jes\u00fas Ortiz Toro. Representante de la Asociaci\u00f3n Espa\u00f1ola de Ge\u00f3metras Expertos. LinkedIn Colaboradores AEGEX: Alberto Ant\u00f3n Merino. Presidente de [&hellip;]\" \/>\n<meta property=\"og:url\" content=\"https:\/\/aulageometrias.webs.upv.es\/index.php\/miembros\/\" \/>\n<meta property=\"og:site_name\" content=\"Aula Geometr\u00edas Jur\u00eddicas\" \/>\n<meta property=\"article:publisher\" content=\"https:\/\/www.facebook.com\/MasterGeoJur\/\" \/>\n<meta property=\"article:modified_time\" content=\"2024-03-09T11:09:35+00:00\" \/>\n<meta name=\"twitter:card\" content=\"summary_large_image\" \/>\n<meta name=\"twitter:site\" content=\"@mastergej\" \/>\n<meta name=\"twitter:label1\" content=\"Tiempo de lectura\" \/>\n\t<meta name=\"twitter:data1\" content=\"1 minuto\" \/>\n<script type=\"application\/ld+json\" class=\"yoast-schema-graph\">{\"@context\":\"https:\\\/\\\/schema.org\",\"@graph\":[{\"@type\":\"WebPage\",\"@id\":\"https:\\\/\\\/aulageometrias.webs.upv.es\\\/index.php\\\/miembros\\\/\",\"url\":\"https:\\\/\\\/aulageometrias.webs.upv.es\\\/index.php\\\/miembros\\\/\",\"name\":\"Miembros - Aula Geometr\u00edas Jur\u00eddicas\",\"isPartOf\":{\"@id\":\"https:\\\/\\\/aulageometrias.webs.upv.es\\\/#website\"},\"datePublished\":\"2024-01-05T16:30:52+00:00\",\"dateModified\":\"2024-03-09T11:09:35+00:00\",\"breadcrumb\":{\"@id\":\"https:\\\/\\\/aulageometrias.webs.upv.es\\\/index.php\\\/miembros\\\/#breadcrumb\"},\"inLanguage\":\"es\",\"potentialAction\":[{\"@type\":\"ReadAction\",\"target\":[\"https:\\\/\\\/aulageometrias.webs.upv.es\\\/index.php\\\/miembros\\\/\"]}]},{\"@type\":\"BreadcrumbList\",\"@id\":\"https:\\\/\\\/aulageometrias.webs.upv.es\\\/index.php\\\/miembros\\\/#breadcrumb\",\"itemListElement\":[{\"@type\":\"ListItem\",\"position\":1,\"name\":\"Aula de Empresa GJ\",\"item\":\"https:\\\/\\\/aulageometrias.webs.upv.es\\\/\"},{\"@type\":\"ListItem\",\"position\":2,\"name\":\"Miembros\"}]},{\"@type\":\"WebSite\",\"@id\":\"https:\\\/\\\/aulageometrias.webs.upv.es\\\/#website\",\"url\":\"https:\\\/\\\/aulageometrias.webs.upv.es\\\/\",\"name\":\"Aula de Empresa Geometr\u00edas Jur\u00eddicas\",\"description\":\"Aula Geometr\u00edas Jur\u00eddicas\",\"publisher\":{\"@id\":\"https:\\\/\\\/aulageometrias.webs.upv.es\\\/#organization\"},\"potentialAction\":[{\"@type\":\"SearchAction\",\"target\":{\"@type\":\"EntryPoint\",\"urlTemplate\":\"https:\\\/\\\/aulageometrias.webs.upv.es\\\/?s={search_term_string}\"},\"query-input\":{\"@type\":\"PropertyValueSpecification\",\"valueRequired\":true,\"valueName\":\"search_term_string\"}}],\"inLanguage\":\"es\"},{\"@type\":\"Organization\",\"@id\":\"https:\\\/\\\/aulageometrias.webs.upv.es\\\/#organization\",\"name\":\"Aula de Empresa Geometr\u00edas Jur\u00eddicas\",\"url\":\"https:\\\/\\\/aulageometrias.webs.upv.es\\\/\",\"logo\":{\"@type\":\"ImageObject\",\"inLanguage\":\"es\",\"@id\":\"https:\\\/\\\/aulageometrias.webs.upv.es\\\/#\\\/schema\\\/logo\\\/image\\\/\",\"url\":\"https:\\\/\\\/aulageometrias.webs.upv.es\\\/wp-content\\\/uploads\\\/2024\\\/01\\\/Personas-e1706611393856.png\",\"contentUrl\":\"https:\\\/\\\/aulageometrias.webs.upv.es\\\/wp-content\\\/uploads\\\/2024\\\/01\\\/Personas-e1706611393856.png\",\"width\":200,\"height\":90,\"caption\":\"Aula de Empresa Geometr\u00edas Jur\u00eddicas\"},\"image\":{\"@id\":\"https:\\\/\\\/aulageometrias.webs.upv.es\\\/#\\\/schema\\\/logo\\\/image\\\/\"},\"sameAs\":[\"https:\\\/\\\/www.facebook.com\\\/MasterGeoJur\\\/\",\"https:\\\/\\\/x.com\\\/mastergej\",\"https:\\\/\\\/www.instagram.com\\\/p\\\/C0ep8XGoVdE\\\/?igsh=MW94bTB5eWRsdHc1Nw==\",\"https:\\\/\\\/www.linkedin.com\\\/company\\\/aula-de-geometr\u00edas-jur\u00eddicas\\\/\"]}]}<\/script>\n<!-- \/ Yoast SEO plugin. -->","yoast_head_json":{"title":"Miembros - Aula Geometr\u00edas Jur\u00eddicas","robots":{"index":"index","follow":"follow","max-snippet":"max-snippet:-1","max-image-preview":"max-image-preview:large","max-video-preview":"max-video-preview:-1"},"canonical":"https:\/\/aulageometrias.webs.upv.es\/index.php\/miembros\/","og_locale":"es_ES","og_type":"article","og_title":"Miembros - Aula Geometr\u00edas Jur\u00eddicas","og_description":"Comisi\u00f3n de seguimiento Mar\u00eda Dolores Salvador Moya. Vicerrectora de Empleo y Formaci\u00f3n Permanente de la UPV. UPV Natalia Garrido Vill\u00e9n. Directora del Aula de Empresa. LinkedIn Luis Benavides Parra. Representante de la Fundaci\u00f3n Registral. LinkedIn Pedro Jes\u00fas Ortiz Toro. Representante de la Asociaci\u00f3n Espa\u00f1ola de Ge\u00f3metras Expertos. LinkedIn Colaboradores AEGEX: Alberto Ant\u00f3n Merino. Presidente de [&hellip;]","og_url":"https:\/\/aulageometrias.webs.upv.es\/index.php\/miembros\/","og_site_name":"Aula Geometr\u00edas Jur\u00eddicas","article_publisher":"https:\/\/www.facebook.com\/MasterGeoJur\/","article_modified_time":"2024-03-09T11:09:35+00:00","twitter_card":"summary_large_image","twitter_site":"@mastergej","twitter_misc":{"Tiempo de lectura":"1 minuto"},"schema":{"@context":"https:\/\/schema.org","@graph":[{"@type":"WebPage","@id":"https:\/\/aulageometrias.webs.upv.es\/index.php\/miembros\/","url":"https:\/\/aulageometrias.webs.upv.es\/index.php\/miembros\/","name":"Miembros - Aula Geometr\u00edas Jur\u00eddicas","isPartOf":{"@id":"https:\/\/aulageometrias.webs.upv.es\/#website"},"datePublished":"2024-01-05T16:30:52+00:00","dateModified":"2024-03-09T11:09:35+00:00","breadcrumb":{"@id":"https:\/\/aulageometrias.webs.upv.es\/index.php\/miembros\/#breadcrumb"},"inLanguage":"es","potentialAction":[{"@type":"ReadAction","target":["https:\/\/aulageometrias.webs.upv.es\/index.php\/miembros\/"]}]},{"@type":"BreadcrumbList","@id":"https:\/\/aulageometrias.webs.upv.es\/index.php\/miembros\/#breadcrumb","itemListElement":[{"@type":"ListItem","position":1,"name":"Aula de Empresa GJ","item":"https:\/\/aulageometrias.webs.upv.es\/"},{"@type":"ListItem","position":2,"name":"Miembros"}]},{"@type":"WebSite","@id":"https:\/\/aulageometrias.webs.upv.es\/#website","url":"https:\/\/aulageometrias.webs.upv.es\/","name":"Aula de Empresa Geometr\u00edas Jur\u00eddicas","description":"Aula Geometr\u00edas Jur\u00eddicas","publisher":{"@id":"https:\/\/aulageometrias.webs.upv.es\/#organization"},"potentialAction":[{"@type":"SearchAction","target":{"@type":"EntryPoint","urlTemplate":"https:\/\/aulageometrias.webs.upv.es\/?s={search_term_string}"},"query-input":{"@type":"PropertyValueSpecification","valueRequired":true,"valueName":"search_term_string"}}],"inLanguage":"es"},{"@type":"Organization","@id":"https:\/\/aulageometrias.webs.upv.es\/#organization","name":"Aula de Empresa Geometr\u00edas Jur\u00eddicas","url":"https:\/\/aulageometrias.webs.upv.es\/","logo":{"@type":"ImageObject","inLanguage":"es","@id":"https:\/\/aulageometrias.webs.upv.es\/#\/schema\/logo\/image\/","url":"https:\/\/aulageometrias.webs.upv.es\/wp-content\/uploads\/2024\/01\/Personas-e1706611393856.png","contentUrl":"https:\/\/aulageometrias.webs.upv.es\/wp-content\/uploads\/2024\/01\/Personas-e1706611393856.png","width":200,"height":90,"caption":"Aula de Empresa Geometr\u00edas Jur\u00eddicas"},"image":{"@id":"https:\/\/aulageometrias.webs.upv.es\/#\/schema\/logo\/image\/"},"sameAs":["https:\/\/www.facebook.com\/MasterGeoJur\/","https:\/\/x.com\/mastergej","https:\/\/www.instagram.com\/p\/C0ep8XGoVdE\/?igsh=MW94bTB5eWRsdHc1Nw==","https:\/\/www.linkedin.com\/company\/aula-de-geometr\u00edas-jur\u00eddicas\/"]}]}},"_links":{"self":[{"href":"https:\/\/aulageometrias.webs.upv.es\/index.php\/wp-json\/wp\/v2\/pages\/485","targetHints":{"allow":["GET"]}}],"collection":[{"href":"https:\/\/aulageometrias.webs.upv.es\/index.php\/wp-json\/wp\/v2\/pages"}],"about":[{"href":"https:\/\/aulageometrias.webs.upv.es\/index.php\/wp-json\/wp\/v2\/types\/page"}],"author":[{"embeddable":true,"href":"https:\/\/aulageometrias.webs.upv.es\/index.php\/wp-json\/wp\/v2\/users\/1"}],"replies":[{"embeddable":true,"href":"https:\/\/aulageometrias.webs.upv.es\/index.php\/wp-json\/wp\/v2\/comments?post=485"}],"version-history":[{"count":20,"href":"https:\/\/aulageometrias.webs.upv.es\/index.php\/wp-json\/wp\/v2\/pages\/485\/revisions"}],"predecessor-version":[{"id":845,"href":"https:\/\/aulageometrias.webs.upv.es\/index.php\/wp-json\/wp\/v2\/pages\/485\/revisions\/845"}],"wp:attachment":[{"href":"https:\/\/aulageometrias.webs.upv.es\/index.php\/wp-json\/wp\/v2\/media?parent=485"}],"curies":[{"name":"wp","href":"https:\/\/api.w.org\/{rel}","templated":true}]}}